{"id":334,"date":"2021-08-27T08:42:20","date_gmt":"2021-08-27T11:42:20","guid":{"rendered":"http:\/\/dummy.xtemos.com\/woodmart2\/elementor\/?post_type=product&#038;p=334"},"modified":"2024-12-05T18:10:18","modified_gmt":"2024-12-05T21:10:18","slug":"consulta-aos-oraculos-com-blenda","status":"publish","type":"product","link":"https:\/\/oraculosagrado.com.br\/os\/produto\/consulta-aos-oraculos-com-blenda\/","title":{"rendered":"Consulta aos Or\u00e1culos com Blenda"},"content":{"rendered":"\t\t<div data-elementor-type=\"wp-post\" data-elementor-id=\"334\" class=\"elementor elementor-334\" data-elementor-post-type=\"product\">\n\t\t\t\t\t\t<section class=\"wd-negative-gap elementor-section elementor-top-section elementor-element elementor-element-51230d5 elementor-section-boxed elementor-section-height-default elementor-section-height-default\" data-id=\"51230d5\" data-element_type=\"section\">\n\t\t\t\t\t\t<div class=\"elementor-container elementor-column-gap-default\">\n\t\t\t\t\t<div class=\"elementor-column elementor-col-33 elementor-top-column elementor-element elementor-element-a1943a3\" data-id=\"a1943a3\" data-element_type=\"column\">\n\t\t\t<div class=\"elementor-widget-wrap elementor-element-populated\">\n\t\t\t\t\t\t<div class=\"elementor-element elementor-element-eb3ee2d elementor-widget elementor-widget-wd_text_block\" data-id=\"eb3ee2d\" data-element_type=\"widget\" data-widget_type=\"wd_text_block.default\">\n\t\t\t\t<div class=\"elementor-widget-container\">\n\t\t\t\t\t\t\t<div class=\"wd-text-block reset-last-child text-left\">\n\t\t\t\n\t\t\t<h3><strong>\u00a0Blenda Tar\u00f3loga e Oraculista<\/strong><\/h3><p>Com 43 anos de pr\u00e1tica e viv\u00eancia m\u00edstica, esta Professora de Or\u00e1culos tamb\u00e9m estudou Psicologia e possui ampla experi\u00eancia Esot\u00e9rica e M\u00edstica, principalmente de Tarot Eg\u00edpcio, Baralho Cigano e T\u00e1bua de Kier. H\u00e1 mais de 30 anos ministra cursos, organiza e participa de eventos formando e dando inicia\u00e7\u00e3o \u00e0 novas Bruxas e Magos, n\u00e3o somente com baralhos, mas tamb\u00e9m com Quiromancia, Astrologia, Numerologia, Angeologia e Cromoterapia. Especialista em diversas \u00e1reas principalmente amorosa, espiritual e financeira, utiliza os Or\u00e1culos para manisfestar seu conhecimento, intui\u00e7\u00e3o e poder medi\u00fanico em suas an\u00e1lises e previs\u00f5es.<\/p><p><em><strong>\"Dias nublados somente escondem o sol, mas a Luz continua l\u00e1 por tr\u00e1s das nuvens! \"<\/strong><\/em><br \/><em><strong>- Blenda -<\/strong><\/em><\/p>\n\t\t\t\t\t<\/div>\n\t\t\t\t\t\t<\/div>\n\t\t\t\t<\/div>\n\t\t\t\t\t<\/div>\n\t\t<\/div>\n\t\t\t\t<div class=\"elementor-column elementor-col-33 elementor-top-column elementor-element elementor-element-f270a20\" data-id=\"f270a20\" data-element_type=\"column\">\n\t\t\t<div class=\"elementor-widget-wrap elementor-element-populated\">\n\t\t\t\t\t\t<div class=\"elementor-element elementor-element-e8261c1 elementor-widget elementor-widget-wd_text_block\" data-id=\"e8261c1\" data-element_type=\"widget\" data-widget_type=\"wd_text_block.default\">\n\t\t\t\t<div class=\"elementor-widget-container\">\n\t\t\t\t\t\t\t<div class=\"wd-text-block reset-last-child text-left\">\n\t\t\t\n\t\t\t<h5><strong>Hor\u00e1rio de Atendimento:<\/strong><\/h5><p>Atendo de segunda \u00e0 sexta-feira das 10 \u00e0s 14:30h e sempre que estiver mostrando\u00a0DISPON\u00cdVEL\u00a0no\u00a0Chat. \u00c9 poss\u00edvel tamb\u00e9m marcar um hor\u00e1rio para atendimento.<br \/>Fale comigo e agende sua consulta agora mesmo!<\/p><p>Realizo atendimentos presenciais e por telefone desde 1980, on-line desde 1998, atendimentos particulares e em v\u00e1rios sites que j\u00e1 prestei servi\u00e7o e ainda presto atualmente.<\/p>\n\t\t\t\t\t<\/div>\n\t\t\t\t\t\t<\/div>\n\t\t\t\t<\/div>\n\t\t\t\t\t<\/div>\n\t\t<\/div>\n\t\t\t\t<div class=\"elementor-column elementor-col-33 elementor-top-column elementor-element elementor-element-df16a11\" data-id=\"df16a11\" data-element_type=\"column\">\n\t\t\t<div class=\"elementor-widget-wrap elementor-element-populated\">\n\t\t\t\t\t\t<div class=\"elementor-element elementor-element-e83279d elementor-widget elementor-widget-wd_text_block\" data-id=\"e83279d\" data-element_type=\"widget\" data-widget_type=\"wd_text_block.default\">\n\t\t\t\t<div class=\"elementor-widget-container\">\n\t\t\t\t\t\t\t<div class=\"wd-text-block reset-last-child text-left\">\n\t\t\t\n\t\t\t<h5><strong>Contato<\/strong><\/h5><ul><li><a href=\"https:\/\/api.whatsapp.com\/send?phone=5511958218388&amp;text=Ol%C3%A1%20Blenda%2C%20desejo%20informa%C3%A7%C3%B5es%20para%20me%20consultar%20com%20Voc%C3%AA!\" target=\"_blank\" rel=\"noopener\">Whatsapp<\/a> - 11 95821-8388<\/li><li><a href=\"mailto:blendatarot@gmail.com?subject=informa%C3%A7%C3%B5es%20de%20consulta&amp;body=Ol%C3%A1%20Blenda,%20gostaria%20de%20informa%C3%A7%C3%B5es%20sobre%20consulta%20e%20quem%20sabe%20marcar%20hora%20para%20me%20consultar.\"><i class=\"fa fa-envelope-o text-success fs-24 pr-15\" aria-hidden=\"true\"><\/i>\u00a0E-mail<\/a> - blendatarot@gmail.com<\/li><\/ul><p class=\"fs-14\">Fale comigo para combinarmos seu atendimento!<\/p>\n\t\t\t\t\t<\/div>\n\t\t\t\t\t\t<\/div>\n\t\t\t\t<\/div>\n\t\t\t\t\t<\/div>\n\t\t<\/div>\n\t\t\t\t\t<\/div>\n\t\t<\/section>\n\t\t\t\t<\/div>\n\t\t","protected":false},"excerpt":{"rendered":"<p>Sua consulta poder\u00e1 ser feita por chat, telefone, Whatsapp, \u00e1udio ou v\u00eddeo.<br \/>\nEscolha o tempo de consulta que deseja, fa\u00e7a o pagamento e entre em contato direto com a(o) Oraculista pelos contatos disponibilizados na aba abaixo.<\/p>\n<p>Nas abas abaixo Voc\u00ea pode ver todos os detalhes da(o) Oraculista, tais como: perfil, descri\u00e7\u00e3o, or\u00e1culos que utiliza para atendimento de consultas, hor\u00e1rio de atendimento.<\/p>\n","protected":false},"featured_media":17375,"comment_status":"open","ping_status":"closed","template":"","meta":[],"product_brand":[],"product_cat":[20],"product_tag":[],"class_list":{"0":"post-334","1":"product","2":"type-product","3":"status-publish","4":"has-post-thumbnail","6":"product_cat-consultas","8":"first","9":"instock","10":"purchasable","11":"product-type-variable","12":"has-default-attributes"},"jetpack_sharing_enabled":true,"_links":{"self":[{"href":"https:\/\/oraculosagrado.com.br\/os\/wp-json\/wp\/v2\/product\/334","targetHints":{"allow":["GET"]}}],"collection":[{"href":"https:\/\/oraculosagrado.com.br\/os\/wp-json\/wp\/v2\/product"}],"about":[{"href":"https:\/\/oraculosagrado.com.br\/os\/wp-json\/wp\/v2\/types\/product"}],"replies":[{"embeddable":true,"href":"https:\/\/oraculosagrado.com.br\/os\/wp-json\/wp\/v2\/comments?post=334"}],"version-history":[{"count":28,"href":"https:\/\/oraculosagrado.com.br\/os\/wp-json\/wp\/v2\/product\/334\/revisions"}],"predecessor-version":[{"id":17419,"href":"https:\/\/oraculosagrado.com.br\/os\/wp-json\/wp\/v2\/product\/334\/revisions\/17419"}],"wp:featuredmedia":[{"embeddable":true,"href":"https:\/\/oraculosagrado.com.br\/os\/wp-json\/wp\/v2\/media\/17375"}],"wp:attachment":[{"href":"https:\/\/oraculosagrado.com.br\/os\/wp-json\/wp\/v2\/media?parent=334"}],"wp:term":[{"taxonomy":"product_brand","embeddable":true,"href":"https:\/\/oraculosagrado.com.br\/os\/wp-json\/wp\/v2\/product_brand?post=334"},{"taxonomy":"product_cat","embeddable":true,"href":"https:\/\/oraculosagrado.com.br\/os\/wp-json\/wp\/v2\/product_cat?post=334"},{"taxonomy":"product_tag","embeddable":true,"href":"https:\/\/oraculosagrado.com.br\/os\/wp-json\/wp\/v2\/product_tag?post=334"}],"curies":[{"name":"wp","href":"https:\/\/api.w.org\/{rel}","templated":true}]}}