{"id":45,"date":"2021-08-26T12:21:44","date_gmt":"2021-08-26T12:21:44","guid":{"rendered":"http:\/\/dummy.xtemos.com\/woodmart2\/elementor\/?page_id=45"},"modified":"2023-07-27T23:31:01","modified_gmt":"2023-07-28T02:31:01","slug":"compare","status":"publish","type":"page","link":"https:\/\/oraculosagrado.com.br\/os\/compare\/","title":{"rendered":"Compare"},"content":{"rendered":"\t\t<p class=\"wd-empty-compare wd-empty-page\">\n\t\t\tA Lista de Compara\u00e7\u00e3o est\u00e1 Vazia.\t\t<\/p>\n\t\t\t\t\t<div class=\"wd-empty-page-text\">\n\t\t\t\tNenhum produto adicionado \u00e0 lista de compara\u00e7\u00e3o. Voc\u00ea deve adicionar alguns produtos para compar\u00e1-los.<br> Encontre muitos produtos interessantes em nossa p\u00e1gina \"Loja\".\t\t\t<\/div>\n\t\t\t\t<p class=\"return-to-shop\">\n\t\t\t<a class=\"button\" href=\"https:\/\/oraculosagrado.com.br\/os\/loja\/\">\n\t\t\t\tRetornar para loja\t\t\t<\/a>\n\t\t<\/p>\n\t\t\n","protected":false},"excerpt":{"rendered":"","protected":false},"author":1,"featured_media":0,"parent":0,"menu_order":0,"comment_status":"closed","ping_status":"closed","template":"","meta":{"footnotes":""},"class_list":["post-45","page","type-page","status-publish","hentry"],"jetpack_sharing_enabled":true,"_links":{"self":[{"href":"https:\/\/oraculosagrado.com.br\/os\/wp-json\/wp\/v2\/pages\/45","targetHints":{"allow":["GET"]}}],"collection":[{"href":"https:\/\/oraculosagrado.com.br\/os\/wp-json\/wp\/v2\/pages"}],"about":[{"href":"https:\/\/oraculosagrado.com.br\/os\/wp-json\/wp\/v2\/types\/page"}],"author":[{"embeddable":true,"href":"https:\/\/oraculosagrado.com.br\/os\/wp-json\/wp\/v2\/users\/1"}],"replies":[{"embeddable":true,"href":"https:\/\/oraculosagrado.com.br\/os\/wp-json\/wp\/v2\/comments?post=45"}],"version-history":[{"count":0,"href":"https:\/\/oraculosagrado.com.br\/os\/wp-json\/wp\/v2\/pages\/45\/revisions"}],"wp:attachment":[{"href":"https:\/\/oraculosagrado.com.br\/os\/wp-json\/wp\/v2\/media?parent=45"}],"curies":[{"name":"wp","href":"https:\/\/api.w.org\/{rel}","templated":true}]}}